{"id":11258,"date":"2016-06-13T08:36:18","date_gmt":"2016-06-13T06:36:18","guid":{"rendered":"http:\/\/eco-press.cmsmasters.net\/?page_id=11258"},"modified":"2020-07-06T16:30:10","modified_gmt":"2020-07-06T14:30:10","slug":"news","status":"publish","type":"page","link":"https:\/\/bioflore-agriver.fr\/index.php\/news\/","title":{"rendered":"Nos astuces"},"content":{"rendered":"<style type=\"text\/css\"> \n#cmsmasters_row_69fb360d7ddc5 .cmsmasters_row_outer_parent { \n\tpadding-top: 100px; \n} \n\n#cmsmasters_row_69fb360d7ddc5 .cmsmasters_row_inner.cmsmasters_row_fullwidth { \n\tpadding-left:0%; \n} \n#cmsmasters_row_69fb360d7ddc5 .cmsmasters_row_inner.cmsmasters_row_fullwidth { \n\tpadding-right:0%; \n} \n \n#cmsmasters_row_69fb360d7de6c { \n\tbackground-color:#fafafa;\n} \n\n#cmsmasters_row_69fb360d7de6c .cmsmasters_row_outer_parent { \n\tpadding-top: 100px; \n} \n\n \n#cmsmasters_heading_69fb360d7e008 { \n\ttext-align:center; \n\tmargin-top:0px; \n\tmargin-bottom:20px; \n} \n\n#cmsmasters_heading_69fb360d7e008 .cmsmasters_heading { \n\ttext-align:center; \n} \n\n#cmsmasters_heading_69fb360d7e008 .cmsmasters_heading, #cmsmasters_heading_69fb360d7e008 .cmsmasters_heading a { \n\tfont-weight:normal; \n\tfont-style:normal; \n} \n\n#cmsmasters_heading_69fb360d7e008 .cmsmasters_heading_divider { \n} \n\n \n#cmsmasters_heading_69fb360d7e0ad { \n\ttext-align:center; \n\tmargin-top:30px; \n\tmargin-bottom:70px; \n} \n\n#cmsmasters_heading_69fb360d7e0ad .cmsmasters_heading { \n\ttext-align:center; \n} \n\n#cmsmasters_heading_69fb360d7e0ad .cmsmasters_heading, #cmsmasters_heading_69fb360d7e0ad .cmsmasters_heading a { \n\tfont-weight:normal; \n\tfont-style:normal; \n} \n\n#cmsmasters_heading_69fb360d7e0ad .cmsmasters_heading_divider { \n} \n\n<\/style><div id=\"cmsmasters_row_69fb360d7ddc5\" class=\"cmsmasters_row cmsmasters_color_scheme_default cmsmasters_row_top_default cmsmasters_row_bot_default cmsmasters_row_fullwidth\">\n<div class=\"cmsmasters_row_outer_parent\">\n<div class=\"cmsmasters_row_outer\">\n<div class=\"cmsmasters_row_inner cmsmasters_row_fullwidth\">\n<div class=\"cmsmasters_row_margin\">\n<div class=\"cmsmasters_column one_first\">\n<\/div>\n<\/div>\n<\/div>\n<\/div>\n<\/div>\n<\/div>\n<div id=\"cmsmasters_row_69fb360d7de6c\" class=\"cmsmasters_row cmsmasters_color_scheme_default cmsmasters_row_top_default cmsmasters_row_bot_default cmsmasters_row_boxed\">\n<div class=\"cmsmasters_row_outer_parent\">\n<div class=\"cmsmasters_row_outer\">\n<div class=\"cmsmasters_row_inner\">\n<div class=\"cmsmasters_row_margin\">\n<div class=\"cmsmasters_column one_first\">\n\n<div id=\"cmsmasters_heading_69fb360d7e008\" class=\"cmsmasters_heading_wrap cmsmasters_heading_align_center\">\n\t<h1 class=\"cmsmasters_heading\">Les Conseils Bioflore<\/h1>\n<\/div>\n<div id=\"cmsmasters_heading_69fb360d7e0ad\" class=\"cmsmasters_heading_wrap cmsmasters_heading_align_center\">\n\t<h3 class=\"cmsmasters_heading\">Bioflore vous accompagne dans l&rsquo;utilisation de ses produits<\/h3>\n<\/div><div class=\"cmsmasters_posts_slider post\" >\n\t\t<script type=\"text\/javascript\">\n\t\t\tjQuery(document).ready(function () { \n\t\t\t\tvar container = jQuery('.cmsmasters_slider_69fb360d7e1dc');\n\t\t\t\t\tcontainerWidth = container.width(), \n\t\t\t\t\tfirstPost = container.find('article'), \n\t\t\t\t\tpostMinWidth = Number(firstPost.css('minWidth').replace('px', '')), \n\t\t\t\t\tpostThreeColumns = (postMinWidth * 4) - 1;\n\t\t\t\t\tpostTwoColumns = (postMinWidth * 3) - 1;\n\t\t\t\t\tpostOneColumns = (postMinWidth * 2) - 1; \n\t\t\t\t\n\t\t\t\t\n\t\t\t\tjQuery('.cmsmasters_slider_69fb360d7e1dc').owlCarousel( {\n\t\t\t\t\titems : 3, \n\t\t\t\t\titemsDesktop : false,\n\t\t\t\t\titemsDesktopSmall : [postThreeColumns,3], \n\t\t\t\t\titemsTablet : [postTwoColumns,2], \n\t\t\t\t\titemsMobile : [postOneColumns,1], \n\t\t\t\t\ttransitionStyle : false, \n\t\t\t\t\trewindNav : true, \n\t\t\t\t\tslideSpeed : 200, \n\t\t\t\t\tpaginationSpeed : 800, \n\t\t\t\t\trewindSpeed : 1000, autoPlay : 5000, stopOnHover : true, \n\t\t\t\t\tautoHeight : true, \n\t\t\t\t\taddClassActive : true, \n\t\t\t\t\tresponsiveBaseWidth : '.cmsmasters_slider_69fb360d7e1dc', \n\t\t\t\t\tpagination : false, \n\t\t\t\t\tnavigation : true, \n\t\t\t\t\tnavigationText : [ \"<span class=\\\"cmsmasters_prev_arrow\\\"><span><\/span><\/span>\", \"<span class=\\\"cmsmasters_next_arrow\\\"><span><\/span><\/span>\" ] \n\t\t\t\t} );\n\t\t\t} );\n\t\t<\/script>\n\t\t<div id=\"cmsmasters_owl_carousel_69fb360d7e1dc\" class=\"cmsmasters_owl_slider cmsmasters_slider_69fb360d7e1dc\"><div>\n<!--_________________________ Start Standard Article _________________________ -->\n\n<article id=\"post-12792\" class=\"cmsmasters_slider_post post-12792 post type-post status-publish format-standard has-post-thumbnail hentry category-actualites category-conseils category-nouveautes\">\n\t<div class=\"cmsmasters_slider_post_outer\">\n\t<div class=\"cmsmasters_slider_post_date_img_wrap\"><figure class=\"cmsmasters_img_rollover_wrap preloader\"><img width=\"860\" height=\"516\" src=\"https:\/\/bioflore-agriver.fr\/wp-content\/uploads\/2020\/06\/shutterstock_1169876830-860x516.jpg\" class=\"full-width wp-post-image\" alt=\"Que faire au jardin au mois de Septembre ?\" loading=\"lazy\" title=\"Que faire au jardin au mois de Septembre ?\" \/><div class=\"cmsmasters_no_rollover\"><a href=\"https:\/\/bioflore-agriver.fr\/index.php\/2020\/06\/09\/que-faire-au-jardin-au-mois-de-septembre\/\" title=\"Que faire au jardin au mois de Septembre ?\" class=\"cmsmasters_open_link cmsmasters_theme_icon_image\"><\/a><\/div><\/figure><\/div><div class=\"cmsmasters_slider_post_inner\"><header class=\"cmsmasters_slider_post_header entry-header\"><h3 class=\"cmsmasters_slider_post_title entry-title\"><a href=\"https:\/\/bioflore-agriver.fr\/index.php\/2020\/06\/09\/que-faire-au-jardin-au-mois-de-septembre\/\">Que faire au jardin au mois de Septembre ?<\/a><\/h3><\/header><footer class=\"cmsmasters_slider_post_footer entry-meta\"><a class=\"button cmsmasters_slider_post_read_more\" href=\"https:\/\/bioflore-agriver.fr\/index.php\/2020\/06\/09\/que-faire-au-jardin-au-mois-de-septembre\/\">VOIR PLUS<\/a><\/footer><\/div>\t<\/div>\n<\/article>\n<!--_________________________ Finish Standard Article _________________________ -->\n\n<\/div><div>\n<!--_________________________ Start Standard Article _________________________ -->\n\n<article id=\"post-12917\" class=\"cmsmasters_slider_post post-12917 post type-post status-publish format-standard has-post-thumbnail hentry category-actualites category-conseils category-nouveautes\">\n\t<div class=\"cmsmasters_slider_post_outer\">\n\t<div class=\"cmsmasters_slider_post_date_img_wrap\"><figure class=\"cmsmasters_img_rollover_wrap preloader\"><img width=\"860\" height=\"516\" src=\"https:\/\/bioflore-agriver.fr\/wp-content\/uploads\/2020\/09\/shutterstock_1715388214-860x516.jpg\" class=\"full-width wp-post-image\" alt=\"Le repos v\u00e9g\u00e9tatif des plantes\" loading=\"lazy\" title=\"Le repos v\u00e9g\u00e9tatif des plantes\" \/><div class=\"cmsmasters_no_rollover\"><a href=\"https:\/\/bioflore-agriver.fr\/index.php\/2020\/11\/27\/le-repos-vegetatif-des-plantes\/\" title=\"Le repos v\u00e9g\u00e9tatif des plantes\" class=\"cmsmasters_open_link cmsmasters_theme_icon_image\"><\/a><\/div><\/figure><\/div><div class=\"cmsmasters_slider_post_inner\"><header class=\"cmsmasters_slider_post_header entry-header\"><h3 class=\"cmsmasters_slider_post_title entry-title\"><a href=\"https:\/\/bioflore-agriver.fr\/index.php\/2020\/11\/27\/le-repos-vegetatif-des-plantes\/\">Le repos v\u00e9g\u00e9tatif des plantes<\/a><\/h3><\/header><footer class=\"cmsmasters_slider_post_footer entry-meta\"><a class=\"button cmsmasters_slider_post_read_more\" href=\"https:\/\/bioflore-agriver.fr\/index.php\/2020\/11\/27\/le-repos-vegetatif-des-plantes\/\">VOIR PLUS<\/a><\/footer><\/div>\t<\/div>\n<\/article>\n<!--_________________________ Finish Standard Article _________________________ -->\n\n<\/div><div>\n<!--_________________________ Start Standard Article _________________________ -->\n\n<article id=\"post-12882\" class=\"cmsmasters_slider_post post-12882 post type-post status-publish format-standard has-post-thumbnail hentry category-actualites category-conseils category-nouveautes\">\n\t<div class=\"cmsmasters_slider_post_outer\">\n\t<div class=\"cmsmasters_slider_post_date_img_wrap\"><figure class=\"cmsmasters_img_rollover_wrap preloader\"><img width=\"860\" height=\"516\" src=\"https:\/\/bioflore-agriver.fr\/wp-content\/uploads\/2020\/08\/Plantes-carnivores-860x516.png\" class=\"full-width wp-post-image\" alt=\"Les plantes carnivores \u00e0 adopter chez soi\" loading=\"lazy\" title=\"Les plantes carnivores \u00e0 adopter chez soi\" \/><div class=\"cmsmasters_no_rollover\"><a href=\"https:\/\/bioflore-agriver.fr\/index.php\/2020\/09\/21\/les-plantes-carnivores-a-adopter-chez-soi\/\" title=\"Les plantes carnivores \u00e0 adopter chez soi\" class=\"cmsmasters_open_link cmsmasters_theme_icon_image\"><\/a><\/div><\/figure><\/div><div class=\"cmsmasters_slider_post_inner\"><header class=\"cmsmasters_slider_post_header entry-header\"><h3 class=\"cmsmasters_slider_post_title entry-title\"><a href=\"https:\/\/bioflore-agriver.fr\/index.php\/2020\/09\/21\/les-plantes-carnivores-a-adopter-chez-soi\/\">Les plantes carnivores \u00e0 adopter chez soi<\/a><\/h3><\/header><footer class=\"cmsmasters_slider_post_footer entry-meta\"><a class=\"button cmsmasters_slider_post_read_more\" href=\"https:\/\/bioflore-agriver.fr\/index.php\/2020\/09\/21\/les-plantes-carnivores-a-adopter-chez-soi\/\">VOIR PLUS<\/a><\/footer><\/div>\t<\/div>\n<\/article>\n<!--_________________________ Finish Standard Article _________________________ -->\n\n<\/div><div>\n<!--_________________________ Start Standard Article _________________________ -->\n\n<article id=\"post-12853\" class=\"cmsmasters_slider_post post-12853 post type-post status-publish format-standard has-post-thumbnail hentry category-actualites category-conseils category-nouveautes\">\n\t<div class=\"cmsmasters_slider_post_outer\">\n\t<div class=\"cmsmasters_slider_post_date_img_wrap\"><figure class=\"cmsmasters_img_rollover_wrap preloader\"><img width=\"860\" height=\"516\" src=\"https:\/\/bioflore-agriver.fr\/wp-content\/uploads\/2020\/07\/Plantes-dans-Salle-de-bains-860x516.png\" class=\"full-width wp-post-image\" alt=\"Quelles plantes adopter dans sa salle de bain ?\" loading=\"lazy\" title=\"Quelles plantes adopter dans sa salle de bain ?\" \/><div class=\"cmsmasters_no_rollover\"><a href=\"https:\/\/bioflore-agriver.fr\/index.php\/2020\/08\/24\/quelles-plantes-adopter-dans-sa-salle-de-bains\/\" title=\"Quelles plantes adopter dans sa salle de bain ?\" class=\"cmsmasters_open_link cmsmasters_theme_icon_image\"><\/a><\/div><\/figure><\/div><div class=\"cmsmasters_slider_post_inner\"><header class=\"cmsmasters_slider_post_header entry-header\"><h3 class=\"cmsmasters_slider_post_title entry-title\"><a href=\"https:\/\/bioflore-agriver.fr\/index.php\/2020\/08\/24\/quelles-plantes-adopter-dans-sa-salle-de-bains\/\">Quelles plantes adopter dans sa salle de bain ?<\/a><\/h3><\/header><footer class=\"cmsmasters_slider_post_footer entry-meta\"><a class=\"button cmsmasters_slider_post_read_more\" href=\"https:\/\/bioflore-agriver.fr\/index.php\/2020\/08\/24\/quelles-plantes-adopter-dans-sa-salle-de-bains\/\">VOIR PLUS<\/a><\/footer><\/div>\t<\/div>\n<\/article>\n<!--_________________________ Finish Standard Article _________________________ -->\n\n<\/div><div>\n<!--_________________________ Start Standard Article _________________________ -->\n\n<article id=\"post-12847\" class=\"cmsmasters_slider_post post-12847 post type-post status-publish format-standard has-post-thumbnail hentry category-actualites category-conseils category-nouveautes\">\n\t<div class=\"cmsmasters_slider_post_outer\">\n\t<div class=\"cmsmasters_slider_post_date_img_wrap\"><figure class=\"cmsmasters_img_rollover_wrap preloader\"><img width=\"828\" height=\"516\" src=\"https:\/\/bioflore-agriver.fr\/wp-content\/uploads\/2020\/07\/Terrarium-828x516.jpg\" class=\"full-width wp-post-image\" alt=\"Comment cr\u00e9er son terrarium v\u00e9g\u00e9tal ?\" loading=\"lazy\" title=\"Comment cr\u00e9er son terrarium v\u00e9g\u00e9tal ?\" srcset=\"https:\/\/bioflore-agriver.fr\/wp-content\/uploads\/2020\/07\/Terrarium-828x516.jpg 828w, https:\/\/bioflore-agriver.fr\/wp-content\/uploads\/2020\/07\/Terrarium-580x360.jpg 580w\" sizes=\"(max-width: 828px) 100vw, 828px\" \/><div class=\"cmsmasters_no_rollover\"><a href=\"https:\/\/bioflore-agriver.fr\/index.php\/2020\/07\/22\/comment-creer-son-terrarium-vegetal\/\" title=\"Comment cr\u00e9er son terrarium v\u00e9g\u00e9tal ?\" class=\"cmsmasters_open_link cmsmasters_theme_icon_image\"><\/a><\/div><\/figure><\/div><div class=\"cmsmasters_slider_post_inner\"><header class=\"cmsmasters_slider_post_header entry-header\"><h3 class=\"cmsmasters_slider_post_title entry-title\"><a href=\"https:\/\/bioflore-agriver.fr\/index.php\/2020\/07\/22\/comment-creer-son-terrarium-vegetal\/\">Comment cr\u00e9er son terrarium v\u00e9g\u00e9tal ?<\/a><\/h3><\/header><footer class=\"cmsmasters_slider_post_footer entry-meta\"><a class=\"button cmsmasters_slider_post_read_more\" href=\"https:\/\/bioflore-agriver.fr\/index.php\/2020\/07\/22\/comment-creer-son-terrarium-vegetal\/\">VOIR PLUS<\/a><\/footer><\/div>\t<\/div>\n<\/article>\n<!--_________________________ Finish Standard Article _________________________ -->\n\n<\/div><div>\n<!--_________________________ Start Standard Article _________________________ -->\n\n<article id=\"post-12830\" class=\"cmsmasters_slider_post post-12830 post type-post status-publish format-standard has-post-thumbnail hentry category-actualites category-conseils category-nouveautes\">\n\t<div class=\"cmsmasters_slider_post_outer\">\n\t<div class=\"cmsmasters_slider_post_date_img_wrap\"><figure class=\"cmsmasters_img_rollover_wrap preloader\"><img width=\"860\" height=\"516\" src=\"https:\/\/bioflore-agriver.fr\/wp-content\/uploads\/2020\/06\/Bassin-aquatique-860x516.jpg\" class=\"full-width wp-post-image\" alt=\"Quelques plantes aquatiques incontournables pour votre bassin\" loading=\"lazy\" title=\"Quelques plantes aquatiques incontournables pour votre bassin\" \/><div class=\"cmsmasters_no_rollover\"><a href=\"https:\/\/bioflore-agriver.fr\/index.php\/2020\/07\/01\/quelques-plantes-aquatiques-incontournables-pour-votre-bassin\/\" title=\"Quelques plantes aquatiques incontournables pour votre bassin\" class=\"cmsmasters_open_link cmsmasters_theme_icon_image\"><\/a><\/div><\/figure><\/div><div class=\"cmsmasters_slider_post_inner\"><header class=\"cmsmasters_slider_post_header entry-header\"><h3 class=\"cmsmasters_slider_post_title entry-title\"><a href=\"https:\/\/bioflore-agriver.fr\/index.php\/2020\/07\/01\/quelques-plantes-aquatiques-incontournables-pour-votre-bassin\/\">Quelques plantes aquatiques incontournables pour votre bassin<\/a><\/h3><\/header><footer class=\"cmsmasters_slider_post_footer entry-meta\"><a class=\"button cmsmasters_slider_post_read_more\" href=\"https:\/\/bioflore-agriver.fr\/index.php\/2020\/07\/01\/quelques-plantes-aquatiques-incontournables-pour-votre-bassin\/\">VOIR PLUS<\/a><\/footer><\/div>\t<\/div>\n<\/article>\n<!--_________________________ Finish Standard Article _________________________ -->\n\n<\/div><div>\n<!--_________________________ Start Standard Article _________________________ -->\n\n<article id=\"post-12821\" class=\"cmsmasters_slider_post post-12821 post type-post status-publish format-standard has-post-thumbnail hentry category-actualites category-conseils category-nouveautes\">\n\t<div class=\"cmsmasters_slider_post_outer\">\n\t<div class=\"cmsmasters_slider_post_date_img_wrap\"><figure class=\"cmsmasters_img_rollover_wrap preloader\"><img width=\"860\" height=\"516\" src=\"https:\/\/bioflore-agriver.fr\/wp-content\/uploads\/2020\/06\/Marc-de-caf\u00e9-860x516.jpg\" class=\"full-width wp-post-image\" alt=\"Le marc de caf\u00e9 : l\u2019or brun du jardin\" loading=\"lazy\" title=\"Le marc de caf\u00e9 : l\u2019or brun du jardin\" \/><div class=\"cmsmasters_no_rollover\"><a href=\"https:\/\/bioflore-agriver.fr\/index.php\/2020\/06\/23\/le-marc-de-cafe-l-or-brun-du-jardin\/\" title=\"Le marc de caf\u00e9 : l\u2019or brun du jardin\" class=\"cmsmasters_open_link cmsmasters_theme_icon_image\"><\/a><\/div><\/figure><\/div><div class=\"cmsmasters_slider_post_inner\"><header class=\"cmsmasters_slider_post_header entry-header\"><h3 class=\"cmsmasters_slider_post_title entry-title\"><a href=\"https:\/\/bioflore-agriver.fr\/index.php\/2020\/06\/23\/le-marc-de-cafe-l-or-brun-du-jardin\/\">Le marc de caf\u00e9 : l\u2019or brun du jardin<\/a><\/h3><\/header><footer class=\"cmsmasters_slider_post_footer entry-meta\"><a class=\"button cmsmasters_slider_post_read_more\" href=\"https:\/\/bioflore-agriver.fr\/index.php\/2020\/06\/23\/le-marc-de-cafe-l-or-brun-du-jardin\/\">VOIR PLUS<\/a><\/footer><\/div>\t<\/div>\n<\/article>\n<!--_________________________ Finish Standard Article _________________________ -->\n\n<\/div><div>\n<!--_________________________ Start Standard Article _________________________ -->\n\n<article id=\"post-12805\" class=\"cmsmasters_slider_post post-12805 post type-post status-publish format-standard has-post-thumbnail hentry category-actualites category-conseils category-nouveautes\">\n\t<div class=\"cmsmasters_slider_post_outer\">\n\t<div class=\"cmsmasters_slider_post_date_img_wrap\"><figure class=\"cmsmasters_img_rollover_wrap preloader\"><img width=\"640\" height=\"360\" src=\"https:\/\/bioflore-agriver.fr\/wp-content\/uploads\/2020\/06\/Potager-sur-mon-balcon.jpg\" class=\"full-width wp-post-image\" alt=\"Un potager en pots sur mon balcon\" loading=\"lazy\" title=\"Un potager en pots sur mon balcon\" srcset=\"https:\/\/bioflore-agriver.fr\/wp-content\/uploads\/2020\/06\/Potager-sur-mon-balcon.jpg 640w, https:\/\/bioflore-agriver.fr\/wp-content\/uploads\/2020\/06\/Potager-sur-mon-balcon-300x169.jpg 300w, https:\/\/bioflore-agriver.fr\/wp-content\/uploads\/2020\/06\/Potager-sur-mon-balcon-580x326.jpg 580w\" sizes=\"(max-width: 640px) 100vw, 640px\" \/><div class=\"cmsmasters_no_rollover\"><a href=\"https:\/\/bioflore-agriver.fr\/index.php\/2020\/06\/16\/un-potager-en-pots-sur-mon-balcon\/\" title=\"Un potager en pots sur mon balcon\" class=\"cmsmasters_open_link cmsmasters_theme_icon_image\"><\/a><\/div><\/figure><\/div><div class=\"cmsmasters_slider_post_inner\"><header class=\"cmsmasters_slider_post_header entry-header\"><h3 class=\"cmsmasters_slider_post_title entry-title\"><a href=\"https:\/\/bioflore-agriver.fr\/index.php\/2020\/06\/16\/un-potager-en-pots-sur-mon-balcon\/\">Un potager en pots sur mon balcon<\/a><\/h3><\/header><footer class=\"cmsmasters_slider_post_footer entry-meta\"><a class=\"button cmsmasters_slider_post_read_more\" href=\"https:\/\/bioflore-agriver.fr\/index.php\/2020\/06\/16\/un-potager-en-pots-sur-mon-balcon\/\">VOIR PLUS<\/a><\/footer><\/div>\t<\/div>\n<\/article>\n<!--_________________________ Finish Standard Article _________________________ -->\n\n<\/div><div>\n<!--_________________________ Start Standard Article _________________________ -->\n\n<article id=\"post-12649\" class=\"cmsmasters_slider_post post-12649 post type-post status-publish format-standard has-post-thumbnail hentry category-actualites category-conseils category-nouveautes\">\n\t<div class=\"cmsmasters_slider_post_outer\">\n\t<div class=\"cmsmasters_slider_post_date_img_wrap\"><figure class=\"cmsmasters_img_rollover_wrap preloader\"><img width=\"850\" height=\"478\" src=\"https:\/\/bioflore-agriver.fr\/wp-content\/uploads\/2020\/06\/plantes-anti-moustiques.jpeg\" class=\"full-width wp-post-image\" alt=\"Les Plantes Anti-Moustiques\" loading=\"lazy\" title=\"Les Plantes Anti-Moustiques\" srcset=\"https:\/\/bioflore-agriver.fr\/wp-content\/uploads\/2020\/06\/plantes-anti-moustiques.jpeg 850w, https:\/\/bioflore-agriver.fr\/wp-content\/uploads\/2020\/06\/plantes-anti-moustiques-300x169.jpeg 300w, https:\/\/bioflore-agriver.fr\/wp-content\/uploads\/2020\/06\/plantes-anti-moustiques-768x432.jpeg 768w, https:\/\/bioflore-agriver.fr\/wp-content\/uploads\/2020\/06\/plantes-anti-moustiques-580x326.jpeg 580w\" sizes=\"(max-width: 850px) 100vw, 850px\" \/><div class=\"cmsmasters_no_rollover\"><a href=\"https:\/\/bioflore-agriver.fr\/index.php\/2020\/06\/03\/plantes-anti-moustiques\/\" title=\"Les Plantes Anti-Moustiques\" class=\"cmsmasters_open_link cmsmasters_theme_icon_image\"><\/a><\/div><\/figure><\/div><div class=\"cmsmasters_slider_post_inner\"><header class=\"cmsmasters_slider_post_header entry-header\"><h3 class=\"cmsmasters_slider_post_title entry-title\"><a href=\"https:\/\/bioflore-agriver.fr\/index.php\/2020\/06\/03\/plantes-anti-moustiques\/\">Les Plantes Anti-Moustiques<\/a><\/h3><\/header><footer class=\"cmsmasters_slider_post_footer entry-meta\"><a class=\"button cmsmasters_slider_post_read_more\" href=\"https:\/\/bioflore-agriver.fr\/index.php\/2020\/06\/03\/plantes-anti-moustiques\/\">VOIR PLUS<\/a><\/footer><\/div>\t<\/div>\n<\/article>\n<!--_________________________ Finish Standard Article _________________________ -->\n\n<\/div><div>\n<!--_________________________ Start Standard Article _________________________ -->\n\n<article id=\"post-12773\" class=\"cmsmasters_slider_post post-12773 post type-post status-publish format-standard has-post-thumbnail hentry category-actualites category-conseils category-nouveautes\">\n\t<div class=\"cmsmasters_slider_post_outer\">\n\t<div class=\"cmsmasters_slider_post_date_img_wrap\"><figure class=\"cmsmasters_img_rollover_wrap preloader\"><img width=\"840\" height=\"516\" src=\"https:\/\/bioflore-agriver.fr\/wp-content\/uploads\/2020\/05\/bouture-dans-leau-840x516.jpg\" class=\"full-width wp-post-image\" alt=\"R\u00e9aliser une bouture dans l&rsquo;eau\" loading=\"lazy\" title=\"R\u00e9aliser une bouture dans l&rsquo;eau\" \/><div class=\"cmsmasters_no_rollover\"><a href=\"https:\/\/bioflore-agriver.fr\/index.php\/2020\/05\/26\/realiser-une-bouture-dans-l-eau\/\" title=\"R\u00e9aliser une bouture dans l&rsquo;eau\" class=\"cmsmasters_open_link cmsmasters_theme_icon_image\"><\/a><\/div><\/figure><\/div><div class=\"cmsmasters_slider_post_inner\"><header class=\"cmsmasters_slider_post_header entry-header\"><h3 class=\"cmsmasters_slider_post_title entry-title\"><a href=\"https:\/\/bioflore-agriver.fr\/index.php\/2020\/05\/26\/realiser-une-bouture-dans-l-eau\/\">R\u00e9aliser une bouture dans l&rsquo;eau<\/a><\/h3><\/header><footer class=\"cmsmasters_slider_post_footer entry-meta\"><a class=\"button cmsmasters_slider_post_read_more\" href=\"https:\/\/bioflore-agriver.fr\/index.php\/2020\/05\/26\/realiser-une-bouture-dans-l-eau\/\">VOIR PLUS<\/a><\/footer><\/div>\t<\/div>\n<\/article>\n<!--_________________________ Finish Standard Article _________________________ -->\n\n<\/div><\/div><\/div>\n<\/div>\n<\/div>\n<\/div>\n<\/div>\n<\/div>\n<\/div>\n\n","protected":false},"excerpt":{"rendered":"","protected":false},"author":3,"featured_media":0,"parent":0,"menu_order":0,"comment_status":"closed","ping_status":"closed","template":"","meta":[],"yoast_head":"<!-- This site is optimized with the Yoast SEO plugin v14.6.1 - https:\/\/yoast.com\/wordpress\/plugins\/seo\/ -->\n<title>Nos astuces - Bioflore<\/title>\n<meta name=\"description\" content=\"%\" \/>\n<meta name=\"robots\" content=\"index, follow\" \/>\n<meta name=\"googlebot\" content=\"index, follow, max-snippet:-1, max-image-preview:large, max-video-preview:-1\" \/>\n<meta name=\"bingbot\" content=\"index, follow, max-snippet:-1, max-image-preview:large, max-video-preview:-1\" \/>\n<link rel=\"canonical\" href=\"https:\/\/bioflore-agriver.fr\/index.php\/news\/\" \/>\n<meta property=\"og:locale\" content=\"fr_FR\" \/>\n<meta property=\"og:type\" content=\"article\" \/>\n<meta property=\"og:title\" content=\"Nos astuces - Bioflore\" \/>\n<meta property=\"og:description\" content=\"%\" \/>\n<meta property=\"og:url\" content=\"https:\/\/bioflore-agriver.fr\/index.php\/news\/\" \/>\n<meta property=\"og:site_name\" content=\"Bioflore\" \/>\n<meta property=\"article:modified_time\" content=\"2020-07-06T14:30:10+00:00\" \/>\n<meta name=\"twitter:card\" content=\"summary\" \/>\n<script type=\"application\/ld+json\" class=\"yoast-schema-graph\">{\"@context\":\"https:\/\/schema.org\",\"@graph\":[{\"@type\":\"Organization\",\"@id\":\"https:\/\/bioflore-agriver.fr\/#organization\",\"name\":\"AGRIVER\",\"url\":\"https:\/\/bioflore-agriver.fr\/\",\"sameAs\":[],\"logo\":{\"@type\":\"ImageObject\",\"@id\":\"https:\/\/bioflore-agriver.fr\/#logo\",\"inLanguage\":\"fr-FR\",\"url\":\"https:\/\/bioflore-agriver.fr\/wp-content\/uploads\/2018\/11\/LogoBiofloreCarre.png\",\"width\":302,\"height\":286,\"caption\":\"AGRIVER\"},\"image\":{\"@id\":\"https:\/\/bioflore-agriver.fr\/#logo\"}},{\"@type\":\"WebSite\",\"@id\":\"https:\/\/bioflore-agriver.fr\/#website\",\"url\":\"https:\/\/bioflore-agriver.fr\/\",\"name\":\"Bioflore\",\"description\":\"Num\\u00e9ro 1 du jardinage bio depuis plus de 30 ans\",\"publisher\":{\"@id\":\"https:\/\/bioflore-agriver.fr\/#organization\"},\"potentialAction\":[{\"@type\":\"SearchAction\",\"target\":\"https:\/\/bioflore-agriver.fr\/?s={search_term_string}\",\"query-input\":\"required name=search_term_string\"}],\"inLanguage\":\"fr-FR\"},{\"@type\":\"WebPage\",\"@id\":\"https:\/\/bioflore-agriver.fr\/index.php\/news\/#webpage\",\"url\":\"https:\/\/bioflore-agriver.fr\/index.php\/news\/\",\"name\":\"Nos astuces - Bioflore\",\"isPartOf\":{\"@id\":\"https:\/\/bioflore-agriver.fr\/#website\"},\"datePublished\":\"2016-06-13T06:36:18+00:00\",\"dateModified\":\"2020-07-06T14:30:10+00:00\",\"description\":\"%\",\"inLanguage\":\"fr-FR\",\"potentialAction\":[{\"@type\":\"ReadAction\",\"target\":[\"https:\/\/bioflore-agriver.fr\/index.php\/news\/\"]}]}]}<\/script>\n<!-- \/ Yoast SEO plugin. -->","_links":{"self":[{"href":"https:\/\/bioflore-agriver.fr\/index.php\/wp-json\/wp\/v2\/pages\/11258"}],"collection":[{"href":"https:\/\/bioflore-agriver.fr\/index.php\/wp-json\/wp\/v2\/pages"}],"about":[{"href":"https:\/\/bioflore-agriver.fr\/index.php\/wp-json\/wp\/v2\/types\/page"}],"author":[{"embeddable":true,"href":"https:\/\/bioflore-agriver.fr\/index.php\/wp-json\/wp\/v2\/users\/3"}],"replies":[{"embeddable":true,"href":"https:\/\/bioflore-agriver.fr\/index.php\/wp-json\/wp\/v2\/comments?post=11258"}],"version-history":[{"count":31,"href":"https:\/\/bioflore-agriver.fr\/index.php\/wp-json\/wp\/v2\/pages\/11258\/revisions"}],"predecessor-version":[{"id":12843,"href":"https:\/\/bioflore-agriver.fr\/index.php\/wp-json\/wp\/v2\/pages\/11258\/revisions\/12843"}],"wp:attachment":[{"href":"https:\/\/bioflore-agriver.fr\/index.php\/wp-json\/wp\/v2\/media?parent=11258"}],"curies":[{"name":"wp","href":"https:\/\/api.w.org\/{rel}","templated":true}]}}