{"id":60,"date":"2015-04-15T10:57:41","date_gmt":"2015-04-15T08:57:41","guid":{"rendered":"http:\/\/welfare.cmsmasters.net\/?page_id=60"},"modified":"2020-05-04T16:33:02","modified_gmt":"2020-05-04T14:33:02","slug":"nous-contacter","status":"publish","type":"page","link":"https:\/\/bioflore-agriver.fr\/index.php\/nous-contacter\/","title":{"rendered":"Nous Contacter"},"content":{"rendered":"<style type=\"text\/css\"> \n#cmsmasters_row_69f5e0dc0ee60 .cmsmasters_row_outer_parent { \n\tpadding-top: 0px; \n} \n\n#cmsmasters_row_69f5e0dc0ee60 .cmsmasters_row_outer_parent { \n\tpadding-bottom: 100px; \n} \n\n#cmsmasters_row_69f5e0dc0ee60 .cmsmasters_row_inner.cmsmasters_row_fullwidth { \n\tpadding-left:0%; \n} \n#cmsmasters_row_69f5e0dc0ee60 .cmsmasters_row_inner.cmsmasters_row_fullwidth { \n\tpadding-right:0%; \n} \n \n#cmsmasters_row_69f5e0dc0f065 .cmsmasters_row_outer_parent { \n\tpadding-top: 100px; \n} \n\n#cmsmasters_row_69f5e0dc0f065 .cmsmasters_row_outer_parent { \n\tpadding-bottom: 100px; \n} \n\n \n#cmsmasters_heading_69f5e0dc0f5dc { \n\ttext-align:left; \n\tmargin-top:0px; \n\tmargin-bottom:10px; \n} \n\n#cmsmasters_heading_69f5e0dc0f5dc .cmsmasters_heading { \n\ttext-align:left; \n} \n\n#cmsmasters_heading_69f5e0dc0f5dc .cmsmasters_heading, #cmsmasters_heading_69f5e0dc0f5dc .cmsmasters_heading a { \n\tfont-size:48px; \n\tfont-weight:normal; \n\tfont-style:normal; \n} \n\n#cmsmasters_heading_69f5e0dc0f5dc .cmsmasters_heading_divider { \n} \n\n \n#cmsmasters_heading_69f5e0dc0f6da { \n\ttext-align:left; \n\tmargin-top:0px; \n\tmargin-bottom:20px; \n} \n\n#cmsmasters_heading_69f5e0dc0f6da .cmsmasters_heading { \n\ttext-align:left; \n} \n\n#cmsmasters_heading_69f5e0dc0f6da .cmsmasters_heading, #cmsmasters_heading_69f5e0dc0f6da .cmsmasters_heading a { \n\tfont-size:20px; \n\tfont-weight:300; \n\tfont-style:normal; \n} \n\n#cmsmasters_heading_69f5e0dc0f6da .cmsmasters_heading_divider { \n} \n\n \n#cmsmasters_divider_69f5e0dc0f86a { \n\tborder-bottom-width:0px; \n\tborder-bottom-style:solid; \n\tpadding-top:30px; \n\tmargin-bottom:0px; \n} \n \n#cmsmasters_heading_69f5e0dc10505 { \n\ttext-align:left; \n\tmargin-top:15px; \n\tmargin-bottom:20px; \n} \n\n#cmsmasters_heading_69f5e0dc10505 .cmsmasters_heading { \n\ttext-align:left; \n} \n\n#cmsmasters_heading_69f5e0dc10505 .cmsmasters_heading, #cmsmasters_heading_69f5e0dc10505 .cmsmasters_heading a { \n\tfont-family:'Lato'; \n\tfont-weight:bold; \n\tfont-style:normal; \n} \n\n#cmsmasters_heading_69f5e0dc10505 .cmsmasters_heading_divider { \n} \n\n #cmsmasters_icon_list_items_69f5e0dc1058f { \n\tpadding-left:40px; \n} \n\n#cmsmasters_icon_list_items_69f5e0dc1058f .cmsmasters_icon_list_item:before { \n\tfont-size:20px; \n\tleft:-40px; \n} \n#cmsmasters_icon_list_items_69f5e0dc1058f .cmsmasters_icon_list_item { \n\tline-height:30px; \n\tpadding:0; \n} \n\n#cmsmasters_icon_list_items_69f5e0dc1058f .cmsmasters_icon_list_item:before { \n\tline-height:30px; \n\ttop:0; \n} \n\n.cmsmasters_icon_list_items #cmsmasters_icon_list_item_69f5e0dc10639:before { \n\tcolor:#84d553;\n} \n \n#cmsmasters_divider_69f5e0dc10699 { \n\tborder-bottom-width:1px; \n\tborder-bottom-style:solid; \n\tpadding-top:10px; \n\tmargin-bottom:10px; \n} \n #cmsmasters_icon_list_items_69f5e0dc106eb { \n\tpadding-left:40px; \n} \n\n#cmsmasters_icon_list_items_69f5e0dc106eb .cmsmasters_icon_list_item:before { \n\tfont-size:20px; \n\tleft:-40px; \n} \n\n.cmsmasters_icon_list_items #cmsmasters_icon_list_item_69f5e0dc1075c:before { \n\tcolor:#84d553;\n} \n \n#cmsmasters_divider_69f5e0dc107be { \n\tborder-bottom-width:1px; \n\tborder-bottom-style:solid; \n\tpadding-top:10px; \n\tmargin-bottom:10px; \n} \n #cmsmasters_icon_list_items_69f5e0dc10810 { \n\tpadding-left:40px; \n} \n\n#cmsmasters_icon_list_items_69f5e0dc10810 .cmsmasters_icon_list_item:before { \n\tfont-size:20px; \n\tleft:-40px; \n} \n\n.cmsmasters_icon_list_items #cmsmasters_icon_list_item_69f5e0dc10880:before { \n\tcolor:#84d553;\n} \n \n#cmsmasters_divider_69f5e0dc108d5 { \n\tborder-bottom-width:1px; \n\tborder-bottom-style:solid; \n\tpadding-top:10px; \n\tmargin-bottom:10px; \n} \n<\/style><div id=\"cmsmasters_row_69f5e0dc0ee60\" class=\"cmsmasters_row cmsmasters_color_scheme_default cmsmasters_row_top_default cmsmasters_row_bot_default cmsmasters_row_fullwidth\">\n<div class=\"cmsmasters_row_outer_parent\">\n<div class=\"cmsmasters_row_outer\">\n<div class=\"cmsmasters_row_inner cmsmasters_row_fullwidth\">\n<div class=\"cmsmasters_row_margin\">\n<div class=\"cmsmasters_column one_first\">\n<\/div>\n<\/div>\n<\/div>\n<\/div>\n<\/div>\n<\/div>\n<div id=\"cmsmasters_row_69f5e0dc0f065\" class=\"cmsmasters_row cmsmasters_color_scheme_default cmsmasters_row_top_default cmsmasters_row_bot_default cmsmasters_row_boxed\">\n<div class=\"cmsmasters_row_outer_parent\">\n<div class=\"cmsmasters_row_outer\">\n<div class=\"cmsmasters_row_inner\">\n<div class=\"cmsmasters_row_margin\">\n<div class=\"cmsmasters_column two_third\">\n\n<div id=\"cmsmasters_heading_69f5e0dc0f5dc\" class=\"cmsmasters_heading_wrap cmsmasters_heading_align_left\">\n\t<h1 class=\"cmsmasters_heading\">Formulaire de contact<\/h1>\n<\/div>\n<div id=\"cmsmasters_heading_69f5e0dc0f6da\" class=\"cmsmasters_heading_wrap cmsmasters_heading_align_left\">\n\t<h3 class=\"cmsmasters_heading\">Merci de remplir le formulaire ci-dessous pour nous envoyer un message. Nous vous r\u00e9pondrons dans les meilleurs d\u00e9lais.<\/h3>\n<\/div>\n\n<div id=\"cmsmasters_divider_69f5e0dc0f86a\" class=\"cl\"><\/div>\n<div class=\"cmsmasters_contact_form\"><div class=\"cmsmasters-form-builder\">\n<div class=\"cmsmasters_notice cmsmasters_notice_success cmsmasters_theme_icon_check success_box\" style=\"display:none;\">\n<div class=\"notice_icon\"><\/div>\n<div class=\"notice_content\">\n<p>Merci! <br \/>Votre message a bien \u00e9t\u00e9 envoy\u00e9.<\/p>\n<\/div>\n<\/div>\n<script type=\"text\/javascript\"> \njQuery(document).ready(function () { \n\tjQuery('#form_164').validationEngine('attach', { \n\t\tpromptPosition : 'topRight', \n\t\tscroll : false, \n\t\tautoPositionUpdate : true, \n\t\tshowArrow : false \n\t\t} ); \n\tjQuery('#form_164 a#cmsmasters_164_formsend').click(function () { \n\t\tjQuery('#form_164 .loading').animate( { opacity : 1 } , 250); \n\t\tvar var_conditions_dutilisation = ''; \n\t\tjQuery('input[name=\\'cmsmasters_conditions_dutilisation\\']:checked').each(function () { \n\t\t\tvar_conditions_dutilisation += jQuery(this).val(); \n\t\t} ); \n\t\tif (jQuery('#form_164').validationEngine('validate')) { \n\t\t\tjQuery.post('https:\/\/bioflore-agriver.fr\/wp-content\/plugins\/cmsmasters-contact-form-builder\/inc\/form-builder-sendmail.php', { \n\t\t\t\tcmsmasters_nom : jQuery('#cmsmasters_nom').val(), \n\t\t\t\tcmsmasters_email_3 : jQuery('#cmsmasters_email_3').val(), \n\t\t\t\tcmsmasters_message_2 : jQuery('#cmsmasters_message_2').val(), \n\t\t\t\tcmsmasters_conditions_dutilisation : var_conditions_dutilisation, \n\t\t\t\tcontactemail : 'MTY0fCN8MTY0', \n\t\t\t\tformname : '164' \r\t\t\t}, function (data) { \n\t\t\t\tjQuery('#form_164 .loading').animate( { opacity : 0 } , 250); \n\t\t\t\tjQuery('#form_164').fadeOut('slow'); \n\t\t\t\tdocument.getElementById('form_164').reset(); \n\t\t\t\tjQuery('#form_164').parent().find('.box').hide(); \n\t\t\t\tjQuery('#form_164').parent().find('.success_box').fadeIn('fast'); \n\t\t\t\tjQuery('html, body').animate( { scrollTop : jQuery('#form_164').offset().top - 140 } , 'slow'); \n\t\t\t\tjQuery('#form_164').parent().find('.success_box').delay(5000).fadeOut(1000, function () { \n\t\t\t\t\tjQuery('#form_164').fadeIn('slow'); \r\t\t\t\t} ); \r\t\t\t} ); \n\t\t\treturn false; \r\t\t} else { \n\t\t\tjQuery('#form_164 .loading').animate( { opacity : 0 } , 250); \n\t\t\treturn false; \r\t\t} \r\t} ); \r} ); \n<\/script>\n<form action=\"#\" method=\"post\" id=\"form_164\">\n\n<div class=\"form_info cmsmasters_input one_half\">\n\t<label for=\"cmsmasters_nom\">Nom <span class=\"color_2\">*<\/span><\/label>\n\t<div class=\"form_field_wrap\">\n\t\t<input type=\"text\" name=\"cmsmasters_nom\" id=\"cmsmasters_nom\" value=\"\" size=\"35\" class=\"validate[required]\" \/>\r\t<\/div>\n<\/div>\n<div class=\"form_info cmsmasters_input one_half\">\n\t<label for=\"cmsmasters_email_3\">Email <span class=\"color_2\">*<\/span><\/label>\n\t<div class=\"form_field_wrap\">\n\t\t<input type=\"text\" name=\"cmsmasters_email_3\" id=\"cmsmasters_email_3\" value=\"\" size=\"35\" class=\"validate[required]\" \/>\r\t<\/div>\n<\/div>\n<div class=\"form_info cmsmasters_textarea one_first\">\n\t<label for=\"cmsmasters_message_2\">Message <span class=\"color_2\">*<\/span><\/label>\n\t<div class=\"form_field_wrap\">\n\t\t<textarea name=\"cmsmasters_message_2\" id=\"cmsmasters_message_2\" cols=\"60\" rows=\"10\" class=\"validate[required]\"><\/textarea>\r\t<\/div>\n<\/div>\n<div class=\"form_info cmsmasters_checkbox\">\n\t<label>Conditions d'utilisation <span class=\"color_2\">*<\/span><\/label>\n\t<div class=\"check_parent\">\n\t\t<input type=\"checkbox\" name=\"cmsmasters_conditions_dutilisation\" id=\"cmsmasters_conditions_dutilisation\" value=\"J'accepte les conditions\" class=\"validate[required]\" \/>\n\t\t<label for=\"cmsmasters_conditions_dutilisation\">J'accepte les conditions<\/label>\r\t<\/div>\n\t<small class=\"db\">En soumettant ce formulaire, j'accepte que les informations saisies soient exploit\u00e9es dans le cadre de la demande de renseignements, informations, et de la relation commerciale qui peut en d\u00e9couler.<\/small>\r<\/div>\n<div class=\"cl\"><\/div>\n<div class=\"loading\"><\/div>\n<div class=\"form_info submit_wrap\">\n<a id=\"cmsmasters_164_formsend\" class=\"cmsmasters_button\" href=\"#\"><span>Envoyer<\/span><\/a>\n<\/div>\n<div class=\"cl\"><\/div>\n<\/form>\n<\/div><\/div>\n<\/div>\n<div class=\"cmsmasters_column one_third\">\n\n<div id=\"cmsmasters_heading_69f5e0dc10505\" class=\"cmsmasters_heading_wrap cmsmasters_heading_align_left\">\n\t<h4 class=\"cmsmasters_heading\">CONTACT INFO<\/h4>\n<\/div> \n<ul id=\"cmsmasters_icon_list_items_69f5e0dc1058f\" class=\"cmsmasters_icon_list_items cmsmasters_icon_list_type_list cmsmasters_icon_list_pos_left cmsmasters_color_type_border\"><li id=\"cmsmasters_icon_list_item_69f5e0dc10639\" class=\"cmsmasters_icon_list_item cmsmasters-icon-phone-4\">+33 5 59 20 36 70<\/li><\/ul>\n\n<div id=\"cmsmasters_divider_69f5e0dc10699\" class=\"cmsmasters_divider cmsmasters_divider_width_long cmsmasters_divider_pos_left\"><\/div>\n \n<ul id=\"cmsmasters_icon_list_items_69f5e0dc106eb\" class=\"cmsmasters_icon_list_items cmsmasters_icon_list_type_list cmsmasters_icon_list_pos_left cmsmasters_color_type_border\"><li id=\"cmsmasters_icon_list_item_69f5e0dc1075c\" class=\"cmsmasters_icon_list_item cmsmasters-icon-location-3\">4 rue de Ch\u00e9rubin, 64100 Bayonne, France<\/li><\/ul>\n\n<div id=\"cmsmasters_divider_69f5e0dc107be\" class=\"cmsmasters_divider cmsmasters_divider_width_long cmsmasters_divider_pos_left\"><\/div>\n \n<ul id=\"cmsmasters_icon_list_items_69f5e0dc10810\" class=\"cmsmasters_icon_list_items cmsmasters_icon_list_type_list cmsmasters_icon_list_pos_left cmsmasters_color_type_border\"><li id=\"cmsmasters_icon_list_item_69f5e0dc10880\" class=\"cmsmasters_icon_list_item cmsmasters-icon-mail-3\">contact@agriver.fr<\/li><\/ul>\n\n<div id=\"cmsmasters_divider_69f5e0dc108d5\" class=\"cmsmasters_divider cmsmasters_divider_width_long cmsmasters_divider_pos_left\"><\/div>\n<\/div>\n<\/div>\n<\/div>\n<\/div>\n<\/div>\n<\/div>\n\n","protected":false},"excerpt":{"rendered":"","protected":false},"author":3,"featured_media":0,"parent":0,"menu_order":0,"comment_status":"closed","ping_status":"closed","template":"","meta":[],"yoast_head":"<!-- This site is optimized with the Yoast SEO plugin v14.6.1 - https:\/\/yoast.com\/wordpress\/plugins\/seo\/ -->\n<title>Nous Contacter - Bioflore<\/title>\n<meta name=\"robots\" content=\"index, follow\" \/>\n<meta name=\"googlebot\" content=\"index, follow, max-snippet:-1, max-image-preview:large, max-video-preview:-1\" \/>\n<meta name=\"bingbot\" content=\"index, follow, max-snippet:-1, max-image-preview:large, max-video-preview:-1\" \/>\n<link rel=\"canonical\" href=\"https:\/\/bioflore-agriver.fr\/index.php\/nous-contacter\/\" \/>\n<meta property=\"og:locale\" content=\"fr_FR\" \/>\n<meta property=\"og:type\" content=\"article\" \/>\n<meta property=\"og:title\" content=\"Nous Contacter - Bioflore\" \/>\n<meta property=\"og:url\" content=\"https:\/\/bioflore-agriver.fr\/index.php\/nous-contacter\/\" \/>\n<meta property=\"og:site_name\" content=\"Bioflore\" \/>\n<meta property=\"article:modified_time\" content=\"2020-05-04T14:33:02+00:00\" \/>\n<meta name=\"twitter:card\" content=\"summary\" \/>\n<script type=\"application\/ld+json\" class=\"yoast-schema-graph\">{\"@context\":\"https:\/\/schema.org\",\"@graph\":[{\"@type\":\"Organization\",\"@id\":\"https:\/\/bioflore-agriver.fr\/#organization\",\"name\":\"AGRIVER\",\"url\":\"https:\/\/bioflore-agriver.fr\/\",\"sameAs\":[],\"logo\":{\"@type\":\"ImageObject\",\"@id\":\"https:\/\/bioflore-agriver.fr\/#logo\",\"inLanguage\":\"fr-FR\",\"url\":\"https:\/\/bioflore-agriver.fr\/wp-content\/uploads\/2018\/11\/LogoBiofloreCarre.png\",\"width\":302,\"height\":286,\"caption\":\"AGRIVER\"},\"image\":{\"@id\":\"https:\/\/bioflore-agriver.fr\/#logo\"}},{\"@type\":\"WebSite\",\"@id\":\"https:\/\/bioflore-agriver.fr\/#website\",\"url\":\"https:\/\/bioflore-agriver.fr\/\",\"name\":\"Bioflore\",\"description\":\"Num\\u00e9ro 1 du jardinage bio depuis plus de 30 ans\",\"publisher\":{\"@id\":\"https:\/\/bioflore-agriver.fr\/#organization\"},\"potentialAction\":[{\"@type\":\"SearchAction\",\"target\":\"https:\/\/bioflore-agriver.fr\/?s={search_term_string}\",\"query-input\":\"required name=search_term_string\"}],\"inLanguage\":\"fr-FR\"},{\"@type\":\"WebPage\",\"@id\":\"https:\/\/bioflore-agriver.fr\/index.php\/nous-contacter\/#webpage\",\"url\":\"https:\/\/bioflore-agriver.fr\/index.php\/nous-contacter\/\",\"name\":\"Nous Contacter - Bioflore\",\"isPartOf\":{\"@id\":\"https:\/\/bioflore-agriver.fr\/#website\"},\"datePublished\":\"2015-04-15T08:57:41+00:00\",\"dateModified\":\"2020-05-04T14:33:02+00:00\",\"inLanguage\":\"fr-FR\",\"potentialAction\":[{\"@type\":\"ReadAction\",\"target\":[\"https:\/\/bioflore-agriver.fr\/index.php\/nous-contacter\/\"]}]}]}<\/script>\n<!-- \/ Yoast SEO plugin. -->","_links":{"self":[{"href":"https:\/\/bioflore-agriver.fr\/index.php\/wp-json\/wp\/v2\/pages\/60"}],"collection":[{"href":"https:\/\/bioflore-agriver.fr\/index.php\/wp-json\/wp\/v2\/pages"}],"about":[{"href":"https:\/\/bioflore-agriver.fr\/index.php\/wp-json\/wp\/v2\/types\/page"}],"author":[{"embeddable":true,"href":"https:\/\/bioflore-agriver.fr\/index.php\/wp-json\/wp\/v2\/users\/3"}],"replies":[{"embeddable":true,"href":"https:\/\/bioflore-agriver.fr\/index.php\/wp-json\/wp\/v2\/comments?post=60"}],"version-history":[{"count":14,"href":"https:\/\/bioflore-agriver.fr\/index.php\/wp-json\/wp\/v2\/pages\/60\/revisions"}],"predecessor-version":[{"id":12735,"href":"https:\/\/bioflore-agriver.fr\/index.php\/wp-json\/wp\/v2\/pages\/60\/revisions\/12735"}],"wp:attachment":[{"href":"https:\/\/bioflore-agriver.fr\/index.php\/wp-json\/wp\/v2\/media?parent=60"}],"curies":[{"name":"wp","href":"https:\/\/api.w.org\/{rel}","templated":true}]}}